{"id":33,"date":"2021-11-07T17:25:53","date_gmt":"2021-11-07T16:25:53","guid":{"rendered":"https:\/\/www.la-senechalerie.com\/?page_id=33"},"modified":"2021-11-07T18:04:05","modified_gmt":"2021-11-07T17:04:05","slug":"contact-gite-salle-de-reception","status":"publish","type":"page","link":"https:\/\/www.la-senechalerie.com\/?page_id=33","title":{"rendered":"Nous contacter"},"content":{"rendered":"<div id=\"pl-33\"  class=\"panel-layout\" ><div id=\"pg-33-0\"  class=\"panel-grid panel-no-style\" ><div id=\"pgc-33-0-0\"  class=\"panel-grid-cell\" ><div id=\"panel-33-0-0-0\" class=\"so-panel widget widget_sow-editor panel-first-child panel-last-child\" data-index=\"0\" ><div class=\"so-widget-sow-editor so-widget-sow-editor-base\">\n<div class=\"siteorigin-widget-tinymce textwidget\">\n\t<p>En famille on entre amis, dans le cadre personnel ou professionnel, contactez-nous pour votre projet de s\u00e9jour \u00e0 la S\u00e9n\u00e9chalerie pour <a href=\"https:\/\/www.la-senechalerie.com\/?page_id=17\">le G\u00eete<\/a> et\/ou la <a href=\"https:\/\/www.la-senechalerie.com\/?page_id=2\">Salle de r\u00e9ception<\/a>.<\/p>\n<\/div>\n<\/div><\/div><\/div><div id=\"pgc-33-0-1\"  class=\"panel-grid-cell\" ><div id=\"panel-33-0-1-0\" class=\"so-panel widget widget_sow-contact-form panel-first-child panel-last-child\" data-index=\"1\" ><div class=\"so-widget-sow-contact-form so-widget-sow-contact-form-default-51739e81be19-33\">\t<form action=\"#contact-form-1473\"\n          method=\"POST\" class=\"sow-contact-form\" id=\"contact-form-1473\">\n\n\t\t\n\t\t            <div class=\"sow-form-field sow-form-field-name\"><label class=\"sow-form-field-label-above\" for=\"sow-contact-form-field-votre-nom-1059135629618802284b6bd774158234\">\n\t\t\t\t<strong>\n\t\t\t\t\tVotre nom\t\t\t\t\t\t\t\t\t<\/strong>\n\t\t\t<\/label>\n\t\t\t<span class=\"sow-field-container\">\t\t<input type=\"text\" name=\"votre-nom-1059135629618802284b6bd774158234\" id=\"sow-contact-form-field-votre-nom-1059135629618802284b6bd774158234\" value=\"\" class=\"sow-text-field\"\/>\n\t\t<\/span><\/div>            <div class=\"sow-form-field sow-form-field-email\"><label class=\"sow-form-field-label-above\" for=\"sow-contact-form-field-votre-adresse-de-messagerie-1059135629618802284b6bd774158234\">\n\t\t\t\t<strong>\n\t\t\t\t\tVotre adresse de messagerie\t\t\t\t\t\t\t\t\t<\/strong>\n\t\t\t<\/label>\n\t\t\t<span class=\"sow-field-container\">\t\t<input type=\"email\" name=\"votre-adresse-de-messagerie-1059135629618802284b6bd774158234\" id=\"sow-contact-form-field-votre-adresse-de-messagerie-1059135629618802284b6bd774158234\" value=\"\" class=\"sow-text-field\"\/>\n\t\t<\/span><\/div>            <div class=\"sow-form-field sow-form-field-subject\"><label class=\"sow-form-field-label-above\" for=\"sow-contact-form-field-sujet-1059135629618802284b6bd774158234\">\n\t\t\t\t<strong>\n\t\t\t\t\tSujet\t\t\t\t\t\t\t\t\t<\/strong>\n\t\t\t<\/label>\n\t\t\t<span class=\"sow-field-container\">\t\t<input type=\"text\" name=\"sujet-1059135629618802284b6bd774158234\" id=\"sow-contact-form-field-sujet-1059135629618802284b6bd774158234\" value=\"\" class=\"sow-text-field\"\/>\n\t\t<\/span><\/div>            <div class=\"sow-form-field sow-form-field-textarea\"><label class=\"sow-form-field-label-above\" for=\"sow-contact-form-field-message-1059135629618802284b6bd774158234\">\n\t\t\t\t<strong>\n\t\t\t\t\tMessage\t\t\t\t\t\t\t\t\t<\/strong>\n\t\t\t<\/label>\n\t\t\t<span class=\"sow-field-container\">\t\t<textarea name=\"message-1059135629618802284b6bd774158234\" id=\"sow-contact-form-field-message-1059135629618802284b6bd774158234\" rows=\"10\"><\/textarea>\n\t\t<\/span><\/div>\t\t<input type=\"hidden\" name=\"instance_hash\" value=\"1473e75970cc1dacbe894651fd5cadc1\" \/>\n\t\t<input type=\"hidden\" id=\"_wpnonce\" name=\"_wpnonce\" value=\"4a519866f9\" \/><input type=\"hidden\" name=\"_wp_http_referer\" value=\"\/index.php?rest_route=%2Fwp%2Fv2%2Fpages%2F33\" \/>\n\t\t\n\t\t<div class=\"sow-submit-wrapper sow-submit-styled\">\n\t\t\t<input type=\"submit\" value=\"Contactez-nous\" class=\"sow-submit\"\n\t\t\t\t   \t\t\t>\n\t\t<\/div>\n\t<\/form>\n\t<\/div><\/div><\/div><\/div><div id=\"pg-33-1\"  class=\"panel-grid panel-no-style\" ><div id=\"pgc-33-1-0\"  class=\"panel-grid-cell\" ><div id=\"panel-33-1-0-0\" class=\"so-panel widget widget_sow-testimonials panel-first-child panel-last-child\" data-index=\"2\" ><div class=\"so-widget-sow-testimonials so-widget-sow-testimonials-default-7791cc9ca40a-33\"><h3 class=\"widget-title\">Ils sont venus...<\/h3>\t\t<svg style=\"position: absolute; width: 0; height: 0;\" width=\"0\" height=\"0\" version=\"1.1\" xmlns=\"http:\/\/www.w3.org\/2000\/svg\" xmlns:xlink=\"http:\/\/www.w3.org\/1999\/xlink\">\n\t\t\t<defs>\n\t\t\t\t<symbol id=\"icon-caret-down\" viewBox=\"0 0 585 1024\">\n\t\t\t\t\t<title>caret-down<\/title>\n\t\t\t\t\t<path class=\"path1\" d=\"M585.143 402.286q0 14.857-10.857 25.714l-256 256q-10.857 10.857-25.714 10.857t-25.714-10.857l-256-256q-10.857-10.857-10.857-25.714t10.857-25.714 25.714-10.857h512q14.857 0 25.714 10.857t10.857 25.714z\"><\/path>\n\t\t\t\t<\/symbol>\n\t\t\t\t<symbol id=\"icon-caret-up\" viewBox=\"0 0 585 1024\">\n\t\t\t\t\t<title>caret-up<\/title>\n\t\t\t\t\t<path class=\"path1\" d=\"M585.143 694.857q0 14.857-10.857 25.714t-25.714 10.857h-512q-14.857 0-25.714-10.857t-10.857-25.714 10.857-25.714l256-256q10.857-10.857 25.714-10.857t25.714 10.857l256 256q10.857 10.857 10.857 25.714z\"><\/path>\n\t\t\t\t<\/symbol>\n\t\t\t\t<symbol id=\"icon-caret-left\" viewBox=\"0 0 366 1024\">\n\t\t\t\t\t<title>caret-left<\/title>\n\t\t\t\t\t<path class=\"path1\" d=\"M365.714 256v512q0 14.857-10.857 25.714t-25.714 10.857-25.714-10.857l-256-256q-10.857-10.857-10.857-25.714t10.857-25.714l256-256q10.857-10.857 25.714-10.857t25.714 10.857 10.857 25.714z\"><\/path>\n\t\t\t\t<\/symbol>\n\t\t\t\t<symbol id=\"icon-caret-right\" viewBox=\"0 0 366 1024\">\n\t\t\t\t\t<title>caret-right<\/title>\n\t\t\t\t\t<path class=\"path1\" d=\"M329.143 512q0 14.857-10.857 25.714l-256 256q-10.857 10.857-25.714 10.857t-25.714-10.857-10.857-25.714v-512q0-14.857 10.857-25.714t25.714-10.857 25.714 10.857l256 256q10.857 10.857 10.857 25.714z\"><\/path>\n\t\t\t\t<\/symbol>\n\t\t\t<\/defs>\n\t\t<\/svg>\n\t\t<div class=\"sow-testimonials\">\n\t\t\t\t\t<div class=\"sow-testimonial-wrapper sow-user-left sow-layout-side\">\n\t\t\t<div class=\"sow-testimonial\">\n\t\t\t\t\n\t\t\t\t<div class=\"sow-testimonial-user\">\n\t\t\t\t\t\n\t\t\t\t\t<div class=\"sow-text\">\n\t\t\t\t\t\t\t\t\t\t\t\t\t<span class=\"sow-testimonial-name\"><strong>Matthieu<\/strong><\/span>\n\t\t\t\t\t\t\t\t\t\t\t\t\t\t\t\t\t\t\t\t\t\t\t\t\t\t\t\t\t<\/div>\n\n\t\t\t\t\t\t\t\t\t<\/div>\n\n\t\t\t\t\t\t\t\t\t<div class=\"sow-testimonial-text\">\n\t\t\t\t\t\t<p>Superbe s\u00e9jour dans le g\u00eete de la S\u00e9n\u00e9chalerie, les h\u00f4tes Pierre et Sylvie nous ont tr\u00e8s bien accueillis avec des petites attentions que nous retiendrons ! Merci<\/p>\n\t\t\t\t\t<\/div>\n\t\t\t\t\t\t\t<\/div>\n\t\t<\/div>\n\t<\/div>\n<\/div><\/div><\/div><\/div><\/div>","protected":false},"excerpt":{"rendered":"<p>En famille on entre amis, dans le cadre personnel ou professionnel, contactez-nous pour votre projet de s\u00e9jour \u00e0 la S\u00e9n\u00e9chalerie pour le G\u00eete et\/ou la Salle de r\u00e9ception.<\/p>\n","protected":false},"author":1,"featured_media":0,"parent":0,"menu_order":0,"comment_status":"closed","ping_status":"closed","template":"","meta":{"neve_meta_sidebar":"","neve_meta_container":"","neve_meta_enable_content_width":"off","neve_meta_content_width":100,"neve_meta_title_alignment":"","neve_meta_author_avatar":"","neve_post_elements_order":"","neve_meta_disable_header":"","neve_meta_disable_footer":"","neve_meta_disable_title":"","_ti_tpc_template_sync":false,"_ti_tpc_template_id":""},"yoast_head":"<!-- This site is optimized with the Yoast SEO plugin v17.5 - https:\/\/yoast.com\/wordpress\/plugins\/seo\/ -->\n<title>Nous contacter - Logis de la S\u00e9n\u00e9chalerie<\/title>\n<meta name=\"description\" content=\"En famille on entre amis, dans le cadre personnel ou professionnel, contactez-nous pour votre projet de s\u00e9jour \u00e0 la S\u00e9n\u00e9chalerie pour le G\u00eete et\/ou la Salle de r\u00e9ception \u00e0 Verteuil-sur-Charente\" \/>\n<meta name=\"robots\" content=\"index, follow, max-snippet:-1, max-image-preview:large, max-video-preview:-1\" \/>\n<link rel=\"canonical\" href=\"https:\/\/www.la-senechalerie.com\/?page_id=33\" \/>\n<meta property=\"og:locale\" content=\"fr_FR\" \/>\n<meta property=\"og:type\" content=\"article\" \/>\n<meta property=\"og:title\" content=\"Nous contacter - Logis de la S\u00e9n\u00e9chalerie\" \/>\n<meta property=\"og:description\" content=\"En famille on entre amis, dans le cadre personnel ou professionnel, contactez-nous pour votre projet de s\u00e9jour \u00e0 la S\u00e9n\u00e9chalerie pour le G\u00eete et\/ou la Salle de r\u00e9ception \u00e0 Verteuil-sur-Charente\" \/>\n<meta property=\"og:url\" content=\"https:\/\/www.la-senechalerie.com\/?page_id=33\" \/>\n<meta property=\"og:site_name\" content=\"Logis de la S\u00e9n\u00e9chalerie\" \/>\n<meta property=\"article:modified_time\" content=\"2021-11-07T17:04:05+00:00\" \/>\n<meta name=\"twitter:card\" content=\"summary_large_image\" \/>\n<script type=\"application\/ld+json\" class=\"yoast-schema-graph\">{\"@context\":\"https:\/\/schema.org\",\"@graph\":[{\"@type\":\"WebSite\",\"@id\":\"https:\/\/www.la-senechalerie.com\/#website\",\"url\":\"https:\/\/www.la-senechalerie.com\/\",\"name\":\"Logis de la S\\u00e9n\\u00e9chalerie\",\"description\":\"G\\u00eete et Salle de r\\u00e9ception, mariage \\u00e0 Verteuil-sur-Charente\",\"potentialAction\":[{\"@type\":\"SearchAction\",\"target\":{\"@type\":\"EntryPoint\",\"urlTemplate\":\"https:\/\/www.la-senechalerie.com\/?s={search_term_string}\"},\"query-input\":\"required name=search_term_string\"}],\"inLanguage\":\"fr-FR\"},{\"@type\":\"WebPage\",\"@id\":\"https:\/\/www.la-senechalerie.com\/?page_id=33#webpage\",\"url\":\"https:\/\/www.la-senechalerie.com\/?page_id=33\",\"name\":\"Nous contacter - Logis de la S\\u00e9n\\u00e9chalerie\",\"isPartOf\":{\"@id\":\"https:\/\/www.la-senechalerie.com\/#website\"},\"datePublished\":\"2021-11-07T16:25:53+00:00\",\"dateModified\":\"2021-11-07T17:04:05+00:00\",\"description\":\"En famille on entre amis, dans le cadre personnel ou professionnel, contactez-nous pour votre projet de s\\u00e9jour \\u00e0 la S\\u00e9n\\u00e9chalerie pour le G\\u00eete et\/ou la Salle de r\\u00e9ception \\u00e0 Verteuil-sur-Charente\",\"breadcrumb\":{\"@id\":\"https:\/\/www.la-senechalerie.com\/?page_id=33#breadcrumb\"},\"inLanguage\":\"fr-FR\",\"potentialAction\":[{\"@type\":\"ReadAction\",\"target\":[\"https:\/\/www.la-senechalerie.com\/?page_id=33\"]}]},{\"@type\":\"BreadcrumbList\",\"@id\":\"https:\/\/www.la-senechalerie.com\/?page_id=33#breadcrumb\",\"itemListElement\":[{\"@type\":\"ListItem\",\"position\":1,\"name\":\"Accueil\",\"item\":\"https:\/\/www.la-senechalerie.com\/\"},{\"@type\":\"ListItem\",\"position\":2,\"name\":\"Nous contacter\"}]}]}<\/script>\n<!-- \/ Yoast SEO plugin. -->","yoast_head_json":{"title":"Nous contacter - Logis de la S\u00e9n\u00e9chalerie","description":"En famille on entre amis, dans le cadre personnel ou professionnel, contactez-nous pour votre projet de s\u00e9jour \u00e0 la S\u00e9n\u00e9chalerie pour le G\u00eete et\/ou la Salle de r\u00e9ception \u00e0 Verteuil-sur-Charente","robots":{"index":"index","follow":"follow","max-snippet":"max-snippet:-1","max-image-preview":"max-image-preview:large","max-video-preview":"max-video-preview:-1"},"canonical":"https:\/\/www.la-senechalerie.com\/?page_id=33","og_locale":"fr_FR","og_type":"article","og_title":"Nous contacter - Logis de la S\u00e9n\u00e9chalerie","og_description":"En famille on entre amis, dans le cadre personnel ou professionnel, contactez-nous pour votre projet de s\u00e9jour \u00e0 la S\u00e9n\u00e9chalerie pour le G\u00eete et\/ou la Salle de r\u00e9ception \u00e0 Verteuil-sur-Charente","og_url":"https:\/\/www.la-senechalerie.com\/?page_id=33","og_site_name":"Logis de la S\u00e9n\u00e9chalerie","article_modified_time":"2021-11-07T17:04:05+00:00","twitter_card":"summary_large_image","schema":{"@context":"https:\/\/schema.org","@graph":[{"@type":"WebSite","@id":"https:\/\/www.la-senechalerie.com\/#website","url":"https:\/\/www.la-senechalerie.com\/","name":"Logis de la S\u00e9n\u00e9chalerie","description":"G\u00eete et Salle de r\u00e9ception, mariage \u00e0 Verteuil-sur-Charente","potentialAction":[{"@type":"SearchAction","target":{"@type":"EntryPoint","urlTemplate":"https:\/\/www.la-senechalerie.com\/?s={search_term_string}"},"query-input":"required name=search_term_string"}],"inLanguage":"fr-FR"},{"@type":"WebPage","@id":"https:\/\/www.la-senechalerie.com\/?page_id=33#webpage","url":"https:\/\/www.la-senechalerie.com\/?page_id=33","name":"Nous contacter - Logis de la S\u00e9n\u00e9chalerie","isPartOf":{"@id":"https:\/\/www.la-senechalerie.com\/#website"},"datePublished":"2021-11-07T16:25:53+00:00","dateModified":"2021-11-07T17:04:05+00:00","description":"En famille on entre amis, dans le cadre personnel ou professionnel, contactez-nous pour votre projet de s\u00e9jour \u00e0 la S\u00e9n\u00e9chalerie pour le G\u00eete et\/ou la Salle de r\u00e9ception \u00e0 Verteuil-sur-Charente","breadcrumb":{"@id":"https:\/\/www.la-senechalerie.com\/?page_id=33#breadcrumb"},"inLanguage":"fr-FR","potentialAction":[{"@type":"ReadAction","target":["https:\/\/www.la-senechalerie.com\/?page_id=33"]}]},{"@type":"BreadcrumbList","@id":"https:\/\/www.la-senechalerie.com\/?page_id=33#breadcrumb","itemListElement":[{"@type":"ListItem","position":1,"name":"Accueil","item":"https:\/\/www.la-senechalerie.com\/"},{"@type":"ListItem","position":2,"name":"Nous contacter"}]}]}},"_links":{"self":[{"href":"https:\/\/www.la-senechalerie.com\/index.php?rest_route=\/wp\/v2\/pages\/33"}],"collection":[{"href":"https:\/\/www.la-senechalerie.com\/index.php?rest_route=\/wp\/v2\/pages"}],"about":[{"href":"https:\/\/www.la-senechalerie.com\/index.php?rest_route=\/wp\/v2\/types\/page"}],"author":[{"embeddable":true,"href":"https:\/\/www.la-senechalerie.com\/index.php?rest_route=\/wp\/v2\/users\/1"}],"replies":[{"embeddable":true,"href":"https:\/\/www.la-senechalerie.com\/index.php?rest_route=%2Fwp%2Fv2%2Fcomments&post=33"}],"version-history":[{"count":5,"href":"https:\/\/www.la-senechalerie.com\/index.php?rest_route=\/wp\/v2\/pages\/33\/revisions"}],"predecessor-version":[{"id":36,"href":"https:\/\/www.la-senechalerie.com\/index.php?rest_route=\/wp\/v2\/pages\/33\/revisions\/36"}],"wp:attachment":[{"href":"https:\/\/www.la-senechalerie.com\/index.php?rest_route=%2Fwp%2Fv2%2Fmedia&parent=33"}],"curies":[{"name":"wp","href":"https:\/\/api.w.org\/{rel}","templated":true}]}}