{"id":57,"date":"2021-11-07T18:10:00","date_gmt":"2021-11-07T17:10:00","guid":{"rendered":"https:\/\/www.la-senechalerie.com\/?page_id=57"},"modified":"2021-11-09T21:25:37","modified_gmt":"2021-11-09T20:25:37","slug":"accueil","status":"publish","type":"page","link":"https:\/\/www.la-senechalerie.com\/","title":{"rendered":"Accueil"},"content":{"rendered":"<div id=\"pl-57\"  class=\"panel-layout\" ><div id=\"pg-57-0\"  class=\"panel-grid panel-has-style\" ><div class=\"so-parallax panel-row-style panel-row-style-for-57-0\" ><img width=\"1316\" height=\"640\" src=\"https:\/\/www.la-senechalerie.com\/wp-content\/uploads\/2021\/11\/123033014_114786743748052_6996847760692319018_n.jpg\" class=\"attachment-full size-full\" alt=\"\" loading=\"eager\" data-siteorigin-parallax=\"true\" srcset=\"https:\/\/www.la-senechalerie.com\/wp-content\/uploads\/2021\/11\/123033014_114786743748052_6996847760692319018_n.jpg 1316w, https:\/\/www.la-senechalerie.com\/wp-content\/uploads\/2021\/11\/123033014_114786743748052_6996847760692319018_n-300x146.jpg 300w, https:\/\/www.la-senechalerie.com\/wp-content\/uploads\/2021\/11\/123033014_114786743748052_6996847760692319018_n-1024x498.jpg 1024w, https:\/\/www.la-senechalerie.com\/wp-content\/uploads\/2021\/11\/123033014_114786743748052_6996847760692319018_n-768x373.jpg 768w\" sizes=\"(max-width: 1316px) 100vw, 1316px\" \/><div id=\"pgc-57-0-0\"  class=\"panel-grid-cell\" ><div id=\"panel-57-0-0-0\" class=\"so-panel widget widget_sow-headline panel-first-child panel-last-child\" data-index=\"0\" ><div class=\"so-widget-sow-headline so-widget-sow-headline-default-eb58c90b4a68-57\"><div class=\"sow-headline-container \">\n\t<h2 class='sow-headline'>G\u00eete et salle de r\u00e9ception de charme en Charente (16)<\/h2>\t\t\t\t\t<div class=\"decoration\">\n\t\t\t\t\t\t<div class=\"decoration-inside\"><\/div>\n\t\t\t\t\t<\/div>\n\t\t\t\t\t<\/div><\/div><\/div><\/div><\/div><\/div><div id=\"pg-57-1\"  class=\"panel-grid panel-no-style\" ><div id=\"pgc-57-1-0\"  class=\"panel-grid-cell panel-grid-cell-empty\" ><\/div><div id=\"pgc-57-1-1\"  class=\"panel-grid-cell panel-grid-cell-mobile-last\" ><div id=\"panel-57-1-1-0\" class=\"so-panel widget widget_sow-editor panel-first-child panel-last-child\" data-index=\"1\" ><div class=\"so-widget-sow-editor so-widget-sow-editor-base\">\n<div class=\"siteorigin-widget-tinymce textwidget\">\n\t<p>La S\u00e9n\u00e9chalerie, logis du XIV\u00e8me si\u00e8cle, est situ\u00e9e au c\u0153ur du village touristique de <a href=\"https:\/\/verteuil-charente.fr\/\">Verteuil sur Charente<\/a>, travers\u00e9 par le fleuve Charente.<br \/>\nPar le passage d'une grange, vous vous retrouvez dans un jardin arbor\u00e9 avec vue sur le ch\u00e2teau.<\/p>\n<p><a href=\"https:\/\/www.la-senechalerie.com\/?page_id=17\">Le logis<\/a> est compos\u00e9e d'une cour int\u00e9rieure fleurie sans vis \u00e0 vis.<br \/>\nEn haut des escaliers en pierre, vous dominez tout Verteuil avec une vue exceptionnelle sur le ch\u00e2teau !<\/p>\n<p>Derri\u00e8re la terrasse, vous retrouverez la<a href=\"https:\/\/www.la-senechalerie.com\/?page_id=2\"> salle de r\u00e9ception<\/a> qui fait parti de la propri\u00e9t\u00e9 mais ind\u00e9pendant du logis \u00e9galement a votre disposition dans le cadre de vos manifestations.<\/p>\n<\/div>\n<\/div><\/div><\/div><div id=\"pgc-57-1-2\"  class=\"panel-grid-cell panel-grid-cell-empty\" ><\/div><\/div><div id=\"pg-57-2\"  class=\"panel-grid panel-no-style\" ><div id=\"pgc-57-2-0\"  class=\"panel-grid-cell\" ><div id=\"panel-57-2-0-0\" class=\"so-panel widget widget_sow-headline panel-first-child\" data-index=\"2\" ><div class=\"so-widget-sow-headline so-widget-sow-headline-default-eb58c90b4a68-57\"><div class=\"sow-headline-container \">\n\t<h2 class='sow-headline'>Le g\u00eete<\/h2>\t\t\t\t\t<div class=\"decoration\">\n\t\t\t\t\t\t<div class=\"decoration-inside\"><\/div>\n\t\t\t\t\t<\/div>\n\t\t\t\t\t<\/div><\/div><\/div><div id=\"panel-57-2-0-1\" class=\"so-panel widget widget_sow-image panel-last-child\" data-index=\"3\" ><div class=\"so-widget-sow-image so-widget-sow-image-default-d6014b76747a-57\">\n\n<div class=\"sow-image-container\">\n\t\t<img src=\"https:\/\/www.la-senechalerie.com\/wp-content\/uploads\/2021\/11\/16G1020_440_791-8.jpg\" width=\"791\" height=\"440\" srcset=\"https:\/\/www.la-senechalerie.com\/wp-content\/uploads\/2021\/11\/16G1020_440_791-8.jpg 791w, https:\/\/www.la-senechalerie.com\/wp-content\/uploads\/2021\/11\/16G1020_440_791-8-300x167.jpg 300w, https:\/\/www.la-senechalerie.com\/wp-content\/uploads\/2021\/11\/16G1020_440_791-8-768x427.jpg 768w\" sizes=\"(max-width: 791px) 100vw, 791px\" alt=\"\" loading=\"lazy\" \t\tclass=\"so-widget-image\"\/>\n\t<\/div>\n\n<\/div><\/div><\/div><div id=\"pgc-57-2-1\"  class=\"panel-grid-cell\" ><div id=\"panel-57-2-1-0\" class=\"so-panel widget widget_sow-headline panel-first-child\" data-index=\"4\" ><div class=\"so-widget-sow-headline so-widget-sow-headline-default-eb58c90b4a68-57\"><div class=\"sow-headline-container \">\n\t<h2 class='sow-headline'>Salle de r\u00e9ception<\/h2>\t\t\t\t\t<div class=\"decoration\">\n\t\t\t\t\t\t<div class=\"decoration-inside\"><\/div>\n\t\t\t\t\t<\/div>\n\t\t\t\t\t<\/div><\/div><\/div><div id=\"panel-57-2-1-1\" class=\"so-panel widget widget_sow-image panel-last-child\" data-index=\"5\" ><div class=\"so-widget-sow-image so-widget-sow-image-default-d6014b76747a-57\">\n\n<div class=\"sow-image-container\">\n\t\t<img src=\"https:\/\/www.la-senechalerie.com\/wp-content\/uploads\/2021\/11\/135593144_148523467041046_6141872195919649155_n.jpg\" width=\"960\" height=\"540\" srcset=\"https:\/\/www.la-senechalerie.com\/wp-content\/uploads\/2021\/11\/135593144_148523467041046_6141872195919649155_n.jpg 960w, https:\/\/www.la-senechalerie.com\/wp-content\/uploads\/2021\/11\/135593144_148523467041046_6141872195919649155_n-300x169.jpg 300w, https:\/\/www.la-senechalerie.com\/wp-content\/uploads\/2021\/11\/135593144_148523467041046_6141872195919649155_n-768x432.jpg 768w\" sizes=\"(max-width: 960px) 100vw, 960px\" alt=\"\" loading=\"lazy\" \t\tclass=\"so-widget-image\"\/>\n\t<\/div>\n\n<\/div><\/div><\/div><\/div><\/div>","protected":false},"excerpt":{"rendered":"<p>La S\u00e9n\u00e9chalerie, logis du XIV\u00e8me si\u00e8cle, est situ\u00e9e au c\u0153ur du village touristique de Verteuil sur Charente, travers\u00e9 par le fleuve Charente. Par le passage d&rsquo;une grange, vous vous retrouvez dans un jardin arbor\u00e9 avec vue sur le ch\u00e2teau. Le logis est compos\u00e9e d&rsquo;une cour int\u00e9rieure fleurie sans vis \u00e0 vis. En haut des escaliers&hellip;&nbsp;<a href=\"https:\/\/www.la-senechalerie.com\/\" class=\"\" rel=\"bookmark\">Lire la suite &raquo;<span class=\"screen-reader-text\">Accueil<\/span><\/a><\/p>\n","protected":false},"author":1,"featured_media":0,"parent":0,"menu_order":0,"comment_status":"closed","ping_status":"closed","template":"page-templates\/template-pagebuilder-full-width.php","meta":{"neve_meta_sidebar":"","neve_meta_container":"full-width","neve_meta_enable_content_width":"off","neve_meta_content_width":100,"neve_meta_title_alignment":"","neve_meta_author_avatar":"","neve_post_elements_order":"","neve_meta_disable_header":"","neve_meta_disable_footer":"","neve_meta_disable_title":"","_ti_tpc_template_sync":false,"_ti_tpc_template_id":""},"yoast_head":"<!-- This site is optimized with the Yoast SEO plugin v17.5 - https:\/\/yoast.com\/wordpress\/plugins\/seo\/ -->\n<title>Logis de la S\u00e9n\u00e9chalerie<\/title>\n<meta name=\"robots\" content=\"index, follow, max-snippet:-1, max-image-preview:large, max-video-preview:-1\" \/>\n<link rel=\"canonical\" href=\"https:\/\/www.la-senechalerie.com\/\" \/>\n<meta property=\"og:locale\" content=\"fr_FR\" \/>\n<meta property=\"og:type\" content=\"article\" \/>\n<meta property=\"og:title\" content=\"Logis de la S\u00e9n\u00e9chalerie\" \/>\n<meta property=\"og:description\" content=\"La S\u00e9n\u00e9chalerie, logis du XIV\u00e8me si\u00e8cle, est situ\u00e9e au c\u0153ur du village touristique de Verteuil sur Charente, travers\u00e9 par le fleuve Charente. Par le passage d&#039;une grange, vous vous retrouvez dans un jardin arbor\u00e9 avec vue sur le ch\u00e2teau. Le logis est compos\u00e9e d&#039;une cour int\u00e9rieure fleurie sans vis \u00e0 vis. En haut des escaliers&hellip;&nbsp;Lire la suite &raquo;Accueil\" \/>\n<meta property=\"og:url\" content=\"https:\/\/www.la-senechalerie.com\/\" \/>\n<meta property=\"og:site_name\" content=\"Logis de la S\u00e9n\u00e9chalerie\" \/>\n<meta property=\"article:modified_time\" content=\"2021-11-09T20:25:37+00:00\" \/>\n<meta property=\"og:image\" content=\"https:\/\/www.la-senechalerie.com\/wp-content\/uploads\/2021\/11\/123033014_114786743748052_6996847760692319018_n.jpg\" \/>\n<meta name=\"twitter:card\" content=\"summary_large_image\" \/>\n<meta name=\"twitter:label1\" content=\"Dur\u00e9e de lecture est.\" \/>\n\t<meta name=\"twitter:data1\" content=\"1 minute\" \/>\n<script type=\"application\/ld+json\" class=\"yoast-schema-graph\">{\"@context\":\"https:\/\/schema.org\",\"@graph\":[{\"@type\":\"WebSite\",\"@id\":\"https:\/\/www.la-senechalerie.com\/#website\",\"url\":\"https:\/\/www.la-senechalerie.com\/\",\"name\":\"Logis de la S\\u00e9n\\u00e9chalerie\",\"description\":\"G\\u00eete et Salle de r\\u00e9ception, mariage \\u00e0 Verteuil-sur-Charente\",\"potentialAction\":[{\"@type\":\"SearchAction\",\"target\":{\"@type\":\"EntryPoint\",\"urlTemplate\":\"https:\/\/www.la-senechalerie.com\/?s={search_term_string}\"},\"query-input\":\"required name=search_term_string\"}],\"inLanguage\":\"fr-FR\"},{\"@type\":\"ImageObject\",\"@id\":\"https:\/\/www.la-senechalerie.com\/#primaryimage\",\"inLanguage\":\"fr-FR\",\"url\":\"https:\/\/www.la-senechalerie.com\/wp-content\/uploads\/2021\/11\/123033014_114786743748052_6996847760692319018_n.jpg\",\"contentUrl\":\"https:\/\/www.la-senechalerie.com\/wp-content\/uploads\/2021\/11\/123033014_114786743748052_6996847760692319018_n.jpg\",\"width\":1316,\"height\":640},{\"@type\":\"WebPage\",\"@id\":\"https:\/\/www.la-senechalerie.com\/#webpage\",\"url\":\"https:\/\/www.la-senechalerie.com\/\",\"name\":\"Logis de la S\\u00e9n\\u00e9chalerie\",\"isPartOf\":{\"@id\":\"https:\/\/www.la-senechalerie.com\/#website\"},\"primaryImageOfPage\":{\"@id\":\"https:\/\/www.la-senechalerie.com\/#primaryimage\"},\"datePublished\":\"2021-11-07T17:10:00+00:00\",\"dateModified\":\"2021-11-09T20:25:37+00:00\",\"breadcrumb\":{\"@id\":\"https:\/\/www.la-senechalerie.com\/#breadcrumb\"},\"inLanguage\":\"fr-FR\",\"potentialAction\":[{\"@type\":\"ReadAction\",\"target\":[\"https:\/\/www.la-senechalerie.com\/\"]}]},{\"@type\":\"BreadcrumbList\",\"@id\":\"https:\/\/www.la-senechalerie.com\/#breadcrumb\",\"itemListElement\":[{\"@type\":\"ListItem\",\"position\":1,\"name\":\"Accueil\",\"item\":\"https:\/\/www.la-senechalerie.com\/\"},{\"@type\":\"ListItem\",\"position\":2,\"name\":\"Accueil\"}]}]}<\/script>\n<!-- \/ Yoast SEO plugin. -->","yoast_head_json":{"title":"Logis de la S\u00e9n\u00e9chalerie","robots":{"index":"index","follow":"follow","max-snippet":"max-snippet:-1","max-image-preview":"max-image-preview:large","max-video-preview":"max-video-preview:-1"},"canonical":"https:\/\/www.la-senechalerie.com\/","og_locale":"fr_FR","og_type":"article","og_title":"Logis de la S\u00e9n\u00e9chalerie","og_description":"La S\u00e9n\u00e9chalerie, logis du XIV\u00e8me si\u00e8cle, est situ\u00e9e au c\u0153ur du village touristique de Verteuil sur Charente, travers\u00e9 par le fleuve Charente. Par le passage d'une grange, vous vous retrouvez dans un jardin arbor\u00e9 avec vue sur le ch\u00e2teau. Le logis est compos\u00e9e d'une cour int\u00e9rieure fleurie sans vis \u00e0 vis. En haut des escaliers&hellip;&nbsp;Lire la suite &raquo;Accueil","og_url":"https:\/\/www.la-senechalerie.com\/","og_site_name":"Logis de la S\u00e9n\u00e9chalerie","article_modified_time":"2021-11-09T20:25:37+00:00","og_image":[{"url":"https:\/\/www.la-senechalerie.com\/wp-content\/uploads\/2021\/11\/123033014_114786743748052_6996847760692319018_n.jpg"}],"twitter_card":"summary_large_image","twitter_misc":{"Dur\u00e9e de lecture est.":"1 minute"},"schema":{"@context":"https:\/\/schema.org","@graph":[{"@type":"WebSite","@id":"https:\/\/www.la-senechalerie.com\/#website","url":"https:\/\/www.la-senechalerie.com\/","name":"Logis de la S\u00e9n\u00e9chalerie","description":"G\u00eete et Salle de r\u00e9ception, mariage \u00e0 Verteuil-sur-Charente","potentialAction":[{"@type":"SearchAction","target":{"@type":"EntryPoint","urlTemplate":"https:\/\/www.la-senechalerie.com\/?s={search_term_string}"},"query-input":"required name=search_term_string"}],"inLanguage":"fr-FR"},{"@type":"ImageObject","@id":"https:\/\/www.la-senechalerie.com\/#primaryimage","inLanguage":"fr-FR","url":"https:\/\/www.la-senechalerie.com\/wp-content\/uploads\/2021\/11\/123033014_114786743748052_6996847760692319018_n.jpg","contentUrl":"https:\/\/www.la-senechalerie.com\/wp-content\/uploads\/2021\/11\/123033014_114786743748052_6996847760692319018_n.jpg","width":1316,"height":640},{"@type":"WebPage","@id":"https:\/\/www.la-senechalerie.com\/#webpage","url":"https:\/\/www.la-senechalerie.com\/","name":"Logis de la S\u00e9n\u00e9chalerie","isPartOf":{"@id":"https:\/\/www.la-senechalerie.com\/#website"},"primaryImageOfPage":{"@id":"https:\/\/www.la-senechalerie.com\/#primaryimage"},"datePublished":"2021-11-07T17:10:00+00:00","dateModified":"2021-11-09T20:25:37+00:00","breadcrumb":{"@id":"https:\/\/www.la-senechalerie.com\/#breadcrumb"},"inLanguage":"fr-FR","potentialAction":[{"@type":"ReadAction","target":["https:\/\/www.la-senechalerie.com\/"]}]},{"@type":"BreadcrumbList","@id":"https:\/\/www.la-senechalerie.com\/#breadcrumb","itemListElement":[{"@type":"ListItem","position":1,"name":"Accueil","item":"https:\/\/www.la-senechalerie.com\/"},{"@type":"ListItem","position":2,"name":"Accueil"}]}]}},"_links":{"self":[{"href":"https:\/\/www.la-senechalerie.com\/index.php?rest_route=\/wp\/v2\/pages\/57"}],"collection":[{"href":"https:\/\/www.la-senechalerie.com\/index.php?rest_route=\/wp\/v2\/pages"}],"about":[{"href":"https:\/\/www.la-senechalerie.com\/index.php?rest_route=\/wp\/v2\/types\/page"}],"author":[{"embeddable":true,"href":"https:\/\/www.la-senechalerie.com\/index.php?rest_route=\/wp\/v2\/users\/1"}],"replies":[{"embeddable":true,"href":"https:\/\/www.la-senechalerie.com\/index.php?rest_route=%2Fwp%2Fv2%2Fcomments&post=57"}],"version-history":[{"count":11,"href":"https:\/\/www.la-senechalerie.com\/index.php?rest_route=\/wp\/v2\/pages\/57\/revisions"}],"predecessor-version":[{"id":71,"href":"https:\/\/www.la-senechalerie.com\/index.php?rest_route=\/wp\/v2\/pages\/57\/revisions\/71"}],"wp:attachment":[{"href":"https:\/\/www.la-senechalerie.com\/index.php?rest_route=%2Fwp%2Fv2%2Fmedia&parent=57"}],"curies":[{"name":"wp","href":"https:\/\/api.w.org\/{rel}","templated":true}]}}